{"id":205,"date":"2024-10-14T15:14:58","date_gmt":"2024-10-14T15:14:58","guid":{"rendered":"https:\/\/wpriverthemes.com\/gixus\/?page_id=205"},"modified":"2024-11-20T13:16:48","modified_gmt":"2024-11-20T12:16:48","slug":"anna-zalewska","status":"publish","type":"page","link":"https:\/\/www.annazalewska.pl\/nowa2\/anna-zalewska\/","title":{"rendered":"O mnie"},"content":{"rendered":"\t\t<div data-elementor-type=\"wp-page\" data-elementor-id=\"205\" class=\"elementor elementor-205\">\n\t\t\t\t<div class=\"elementor-element elementor-element-d65a247 e-con-full e-flex e-con e-parent\" data-id=\"d65a247\" data-element_type=\"container\">\n\t\t\t\t<div class=\"elementor-element elementor-element-5189d9c elementor-widget elementor-widget-service_details_widget\" data-id=\"5189d9c\" data-element_type=\"widget\" data-widget_type=\"service_details_widget.default\">\n\t\t\t\t<div class=\"elementor-widget-container\">\n\t\t\t\t\t        <div class=\"services-details-area default-padding\">\n            <div class=\"container\">\n                <div class=\"row\">\n                    <div class=\"col-lg-10 offset-lg-1\">\n                        <div class=\"site-heading text-center\">\n                            <h4 class=\"sub-title\">O mnie<\/h4>\n                            <h2 class=\"title\">Anna Zalewska<\/h2>\n                        <\/div>\n                    <\/div>\n                <\/div>\n                <div class=\"services-details-items\">\n                    <div class=\"row\">\n                        <div class=\"col-xl-12 services-single-content\">\n                            <div class=\"thumb mb-50\">\n                                <img decoding=\"async\" src=\"https:\/\/www.annazalewska.pl\/nowa2\/wp-content\/uploads\/2024\/02\/IMG_1192-scaled-1.jpg\" alt=\"Thumb\">\n                            <\/div>\n                            <p><p style=\"text-align: justify;\">Anna Zalewska urodzi\u0142a si\u0119 i pochodzi ze \u015awiebodzic w wojew\u00f3dztwie dolno\u015bl\u0105skim. Uko\u0144czy\u0142a studia polonistyczne na Uniwersytecie Wroc\u0142awskim. Pracowa\u0142a jako nauczycielka j\u0119zyka polskiego oraz pe\u0142ni\u0142a funkcj\u0119 zast\u0119pcy dyrektora Liceum Og\u00f3lnokszta\u0142c\u0105cego w \u015awiebodzicach. Jest r\u00f3wnie\u017c menad\u017cerem o\u015bwiaty oraz ekologiem. By\u0142a cz\u0142onkiem Zarz\u0105du, radn\u0105 i wicestarost\u0105 Powiatu \u015awidnickiego.<\/p><p style=\"text-align: justify;\">W latach 2007\u20132019 by\u0142a pos\u0142ank\u0105 na Sejm RP VI, VII i VIII kadencji. W trakcie VI kadencji Sejmu pracowa\u0142a w Komisji ds. Edukacji, Nauki i M\u0142odzie\u017cy, Komisji ds. Unii Europejskiej oraz w sta\u0142ych podkomisjach ds. ekonomiki edukacji i nauki oraz ds. wykorzystania \u015brodk\u00f3w Unii Europejskiej. By\u0142a tak\u017ce cz\u0142onkiem Komisji \u015aledczej badaj\u0105cej okoliczno\u015bci samob\u00f3jstwa Barbary Blidy. W VII kadencji Sejmu pe\u0142ni\u0142a funkcj\u0119 cz\u0142onka Komisji ds. Unii Europejskiej oraz Komisji Zdrowia, anga\u017cuj\u0105c si\u0119 r\u00f3wnie\u017c w prace parlamentarnych delegacji i grup bilateralnych, m.in. w Polsko-Czeskiej i Polsko-Ukrai\u0144skiej Grupie Parlamentarnej. Wspiera\u0142a tak\u017ce prosument\u00f3w w sta\u0142ej Podkomisji ds. Energii.<\/p><p style=\"text-align: justify;\">W 2015 roku, podczas VIII kadencji Sejmu, obj\u0119\u0142a urz\u0105d Ministra Edukacji Narodowej. W trakcie swojej kadencji przeprowadzi\u0142a reform\u0119 edukacji, przekszta\u0142caj\u0105c system o\u015bwiaty poprzez powr\u00f3t do modelu z o\u015bmioletni\u0105 szko\u0142\u0105 podstawow\u0105. Dzia\u0142a\u0142a na rzecz zwi\u0119kszenia zaanga\u017cowania rodzic\u00f3w w \u017cycie szk\u00f3\u0142 oraz wprowadzi\u0142a liczne programy wspieraj\u0105ce infrastruktur\u0119 edukacyjn\u0105, takie jak szerokopasmowy Internet, nowoczesny sprz\u0119t multimedialny, laboratoria i sto\u0142\u00f3wki.<\/p><p style=\"text-align: justify;\">Od 2019 roku Anna Zalewska jest pos\u0142ank\u0105 do Parlamentu Europejskiego, reprezentuj\u0105c\u0105 Dolny \u015al\u0105sk i Opolszczyzn\u0119. W Parlamencie Europejskim pracuje w Komisji Ochrony \u015arodowiska Naturalnego, Zdrowia Publicznego i Bezpiecze\u0144stwa \u017bywno\u015bci oraz Komisji Rolnictwa i Rozwoju Wsi. Jest cz\u0142onkini\u0105 Delegacji do Zgromadzenia Parlamentarnego Partnerstwa UE\u2013Zjednoczone Kr\u00f3lestwo. W 2021 roku za\u0142o\u017cy\u0142a i przewodniczy grupie roboczej Europejskich Konserwatyst\u00f3w i Reformator\u00f3w ds. poch\u0142aniaczy CO2 (ECR Carbon Sinks Working Group), skupiaj\u0105cej si\u0119 na kwestiach zwi\u0105zanych z ochron\u0105 \u015brodowiska i walk\u0105 ze zmianami klimatycznymi.<\/p><\/p>\n                            <div class=\"process-style-one-items mt-50\">\n                                <div class=\"choose-us-one-thumb\">\n                                    <div class=\"content\">\n                                        <div class=\"left-info\">\n                                            <h2 class=\"title\"><\/h2>\n                                        <\/div>\n                                        <div class=\"process-style-one\">\n                                                                                            <div class=\"process-style-one-item\">\n                                                    <span><\/span>\n                                                    <h4><\/h4>\n                                                    <p><\/p>\n                                                <\/div>\n                                                                                    <\/div>\n                                    <\/div>\n                                <\/div>\n                            <\/div>\n                        <\/div>\n                    <\/div>\n                <\/div>\n            <\/div>\n        <\/div>\n        \t\t\t\t<\/div>\n\t\t\t\t<\/div>\n\t\t\t\t<\/div>\n\t\t\t\t<\/div>\n\t\t","protected":false},"excerpt":{"rendered":"<p>O mnie Anna Zalewska Anna Zalewska urodzi\u0142a si\u0119 i pochodzi ze \u015awiebodzic w wojew\u00f3dztwie dolno\u015bl\u0105skim. Uko\u0144czy\u0142a studia polonistyczne na Uniwersytecie Wroc\u0142awskim. Pracowa\u0142a jako nauczycielka j\u0119zyka polskiego oraz pe\u0142ni\u0142a funkcj\u0119 zast\u0119pcy dyrektora Liceum Og\u00f3lnokszta\u0142c\u0105cego w \u015awiebodzicach. Jest r\u00f3wnie\u017c menad\u017cerem o\u015bwiaty oraz ekologiem. By\u0142a cz\u0142onkiem Zarz\u0105du, radn\u0105 i wicestarost\u0105 Powiatu \u015awidnickiego. W latach 2007\u20132019 by\u0142a pos\u0142ank\u0105 na [&hellip;]<\/p>\n","protected":false},"author":1,"featured_media":0,"parent":0,"menu_order":0,"comment_status":"closed","ping_status":"closed","template":"page-templates\/home.php","meta":{"_acf_changed":false,"_monsterinsights_skip_tracking":false,"_monsterinsights_sitenote_active":false,"_monsterinsights_sitenote_note":"","_monsterinsights_sitenote_category":0,"footnotes":""},"class_list":["post-205","page","type-page","status-publish","hentry"],"acf":[],"_links":{"self":[{"href":"https:\/\/www.annazalewska.pl\/nowa2\/wp-json\/wp\/v2\/pages\/205","targetHints":{"allow":["GET"]}}],"collection":[{"href":"https:\/\/www.annazalewska.pl\/nowa2\/wp-json\/wp\/v2\/pages"}],"about":[{"href":"https:\/\/www.annazalewska.pl\/nowa2\/wp-json\/wp\/v2\/types\/page"}],"author":[{"embeddable":true,"href":"https:\/\/www.annazalewska.pl\/nowa2\/wp-json\/wp\/v2\/users\/1"}],"replies":[{"embeddable":true,"href":"https:\/\/www.annazalewska.pl\/nowa2\/wp-json\/wp\/v2\/comments?post=205"}],"version-history":[{"count":16,"href":"https:\/\/www.annazalewska.pl\/nowa2\/wp-json\/wp\/v2\/pages\/205\/revisions"}],"predecessor-version":[{"id":18313,"href":"https:\/\/www.annazalewska.pl\/nowa2\/wp-json\/wp\/v2\/pages\/205\/revisions\/18313"}],"wp:attachment":[{"href":"https:\/\/www.annazalewska.pl\/nowa2\/wp-json\/wp\/v2\/media?parent=205"}],"curies":[{"name":"wp","href":"https:\/\/api.w.org\/{rel}","templated":true}]}}