{"id":18039,"date":"2024-11-18T13:29:26","date_gmt":"2024-11-18T12:29:26","guid":{"rendered":"https:\/\/www.annazalewska.pl\/nowa2\/?page_id=18039"},"modified":"2024-11-18T14:34:18","modified_gmt":"2024-11-18T13:34:18","slug":"biogram","status":"publish","type":"page","link":"https:\/\/www.annazalewska.pl\/nowa2\/biogram\/","title":{"rendered":"Biogram &#8211; wersja skr\u00f3cona"},"content":{"rendered":"\t\t<div data-elementor-type=\"wp-page\" data-elementor-id=\"18039\" class=\"elementor elementor-18039\">\n\t\t\t\t<div class=\"elementor-element elementor-element-d65a247 e-con-full e-flex e-con e-parent\" data-id=\"d65a247\" data-element_type=\"container\">\n\t\t\t\t<div class=\"elementor-element elementor-element-5189d9c elementor-widget elementor-widget-service_details_widget\" data-id=\"5189d9c\" data-element_type=\"widget\" data-widget_type=\"service_details_widget.default\">\n\t\t\t\t<div class=\"elementor-widget-container\">\n\t\t\t\t\t        <div class=\"services-details-area default-padding\">\n            <div class=\"container\">\n                <div class=\"row\">\n                    <div class=\"col-lg-10 offset-lg-1\">\n                        <div class=\"site-heading text-center\">\n                            <h4 class=\"sub-title\">O mnie<\/h4>\n                            <h2 class=\"title\">Anna Zalewska<\/h2>\n                        <\/div>\n                    <\/div>\n                <\/div>\n                <div class=\"services-details-items\">\n                    <div class=\"row\">\n                        <div class=\"col-xl-12 services-single-content\">\n                            <div class=\"thumb mb-50\">\n                                <img decoding=\"async\" src=\"https:\/\/www.annazalewska.pl\/nowa2\/wp-content\/uploads\/2024\/02\/IMG_1192-scaled-1.jpg\" alt=\"Thumb\">\n                            <\/div>\n                            <p><p style=\"text-align: justify;\">Anna Zalewska pochodzi ze \u015awiebodzic. Uko\u0144czy\u0142a polonistyk\u0119 na Uniwersytecie Wroc\u0142awskim i pracowa\u0142a jako nauczycielka oraz zast\u0119pca dyrektora liceum. By\u0142a radn\u0105, wicestarost\u0105 Powiatu \u015awidnickiego i menad\u017cerem o\u015bwiaty.<\/p><p style=\"text-align: justify;\">W latach 2007\u20132019 by\u0142a pos\u0142ank\u0105 na Sejm, gdzie pracowa\u0142a m.in. w Komisji ds. Edukacji i Unii Europejskiej. W 2015 roku zosta\u0142a Ministrem Edukacji Narodowej, przeprowadzaj\u0105c reform\u0119 o\u015bwiaty. Od 2019 roku jest pos\u0142ank\u0105 do Parlamentu Europejskiego, gdzie dzia\u0142a w Komisji Ochrony \u015arodowiska oraz Komisji Rolnictwa. Jest za\u0142o\u017cycielk\u0105 grupy roboczej ds. poch\u0142aniaczy CO2.<\/p><\/p>\n                            <div class=\"process-style-one-items mt-50\">\n                                <div class=\"choose-us-one-thumb\">\n                                    <div class=\"content\">\n                                        <div class=\"left-info\">\n                                            <h2 class=\"title\"><\/h2>\n                                        <\/div>\n                                        <div class=\"process-style-one\">\n                                                                                            <div class=\"process-style-one-item\">\n                                                    <span><\/span>\n                                                    <h4><\/h4>\n                                                    <p><\/p>\n                                                <\/div>\n                                                                                    <\/div>\n                                    <\/div>\n                                <\/div>\n                            <\/div>\n                        <\/div>\n                    <\/div>\n                <\/div>\n            <\/div>\n        <\/div>\n        \t\t\t\t<\/div>\n\t\t\t\t<\/div>\n\t\t\t\t<\/div>\n\t\t\t\t<\/div>\n\t\t","protected":false},"excerpt":{"rendered":"<p>O mnie Anna Zalewska Anna Zalewska pochodzi ze \u015awiebodzic. Uko\u0144czy\u0142a polonistyk\u0119 na Uniwersytecie Wroc\u0142awskim i pracowa\u0142a jako nauczycielka oraz zast\u0119pca dyrektora liceum. By\u0142a radn\u0105, wicestarost\u0105 Powiatu \u015awidnickiego i menad\u017cerem o\u015bwiaty. W latach 2007\u20132019 by\u0142a pos\u0142ank\u0105 na Sejm, gdzie pracowa\u0142a m.in. w Komisji ds. Edukacji i Unii Europejskiej. W 2015 roku zosta\u0142a Ministrem Edukacji Narodowej, przeprowadzaj\u0105c [&hellip;]<\/p>\n","protected":false},"author":1,"featured_media":0,"parent":0,"menu_order":0,"comment_status":"closed","ping_status":"closed","template":"page-templates\/home.php","meta":{"_acf_changed":false,"_monsterinsights_skip_tracking":false,"_monsterinsights_sitenote_active":false,"_monsterinsights_sitenote_note":"","_monsterinsights_sitenote_category":0,"footnotes":""},"class_list":["post-18039","page","type-page","status-publish","hentry"],"acf":[],"_links":{"self":[{"href":"https:\/\/www.annazalewska.pl\/nowa2\/wp-json\/wp\/v2\/pages\/18039","targetHints":{"allow":["GET"]}}],"collection":[{"href":"https:\/\/www.annazalewska.pl\/nowa2\/wp-json\/wp\/v2\/pages"}],"about":[{"href":"https:\/\/www.annazalewska.pl\/nowa2\/wp-json\/wp\/v2\/types\/page"}],"author":[{"embeddable":true,"href":"https:\/\/www.annazalewska.pl\/nowa2\/wp-json\/wp\/v2\/users\/1"}],"replies":[{"embeddable":true,"href":"https:\/\/www.annazalewska.pl\/nowa2\/wp-json\/wp\/v2\/comments?post=18039"}],"version-history":[{"count":11,"href":"https:\/\/www.annazalewska.pl\/nowa2\/wp-json\/wp\/v2\/pages\/18039\/revisions"}],"predecessor-version":[{"id":18142,"href":"https:\/\/www.annazalewska.pl\/nowa2\/wp-json\/wp\/v2\/pages\/18039\/revisions\/18142"}],"wp:attachment":[{"href":"https:\/\/www.annazalewska.pl\/nowa2\/wp-json\/wp\/v2\/media?parent=18039"}],"curies":[{"name":"wp","href":"https:\/\/api.w.org\/{rel}","templated":true}]}}