{"id":17953,"date":"2024-11-15T15:53:08","date_gmt":"2024-11-15T14:53:08","guid":{"rendered":"https:\/\/www.annazalewska.pl\/nowa2\/?page_id=17953"},"modified":"2024-11-15T16:01:58","modified_gmt":"2024-11-15T15:01:58","slug":"polityka-prywatnosci-2","status":"publish","type":"page","link":"https:\/\/www.annazalewska.pl\/nowa2\/polityka-prywatnosci-2\/","title":{"rendered":"Polityka prywatno\u015bci"},"content":{"rendered":"\t\t<div data-elementor-type=\"wp-page\" data-elementor-id=\"17953\" class=\"elementor elementor-17953\">\n\t\t\t\t<div class=\"elementor-element elementor-element-a041d3f e-flex e-con-boxed e-con e-parent\" data-id=\"a041d3f\" data-element_type=\"container\">\n\t\t\t\t\t<div class=\"e-con-inner\">\n\t\t\t\t<div class=\"elementor-element elementor-element-e5a8f3f elementor-widget elementor-widget-heading\" data-id=\"e5a8f3f\" data-element_type=\"widget\" data-widget_type=\"heading.default\">\n\t\t\t\t<div class=\"elementor-widget-container\">\n\t\t\t\t\t<h2 class=\"elementor-heading-title elementor-size-default\">Polityka prywatno\u015bci<\/h2>\t\t\t\t<\/div>\n\t\t\t\t<\/div>\n\t\t\t\t\t<\/div>\n\t\t\t\t<\/div>\n\t\t<div class=\"elementor-element elementor-element-df7c6fc e-flex e-con-boxed e-con e-parent\" data-id=\"df7c6fc\" data-element_type=\"container\">\n\t\t\t\t\t<div class=\"e-con-inner\">\n\t\t\t\t<div class=\"elementor-element elementor-element-3ff884f elementor-widget elementor-widget-text-editor\" data-id=\"3ff884f\" data-element_type=\"widget\" data-widget_type=\"text-editor.default\">\n\t\t\t\t<div class=\"elementor-widget-container\">\n\t\t\t\t\t\t\t\t\t<p>Administrator (danych osobowych) lub <strong>Biuro Pos\u0142a do PE Anny Zalewskiej<\/strong>, pl. Solidarno\u015bci 1\/3\/5 pok.411 53-661 Wroc\u0142aw<\/p><p>. Z Administratorem mo\u017cna si\u0119 skontaktowa\u0107 r\u00f3wnie\u017c pod adresem: <strong><a href=\"mailto:biuro@anna-zalewska.eu\">biuro@anna-zalewska.eu<\/a><\/strong>.<\/p><ol><li>Wydawc\u0105 i administratorem serwis\u00f3w internetowych jest <strong>Biuro Pos\u0142a do PE Anny Zalewskiej<\/strong>.<\/li><li>Inspektor ochrony danych \u2013 to osoba wyznaczona przez Administratora w celu informowania i doradzania Administratorowi w zakresie obowi\u0105zuj\u0105cego prawa o ochronie danych osobowych i wydanych przez niego Polityk oraz w celu monitorowania ich przestrzegania oraz dzia\u0142ania jako punkt kontaktowy dla U\u017cytkownika i organu nadzorczego. Administrator wyznaczy\u0142 na Inspektora Ochrony Danych Wojciecha Gnata. Z Inspektorem Ochrony Danych mo\u017cna si\u0119 skontaktowa\u0107 pod adresem email: <strong><a href=\"mailto:wojciechstefan.gnat@europarl.europa.eu\">wojciechstefan.gnat@europarl.europa.eu<\/a><\/strong><\/li><li><strong>Biuro Pos\u0142a do PE Anny Zalewskiej<\/strong> zapewnia mo\u017cliwo\u015b\u0107 korzystania z serwis\u00f3w internetowych w spos\u00f3b anonimowy, jednak w celu uzyskania pe\u0142nego dost\u0119pu do niekt\u00f3rych tre\u015bci oferowanych za ich po\u015brednictwem niezb\u0119dne jest podanie danych osobowych os\u00f3b odwiedzaj\u0105cych lub korzystaj\u0105cych z jej serwis\u00f3w internetowych i powi\u0105zanych z nimi e-us\u0142ug w postaci wype\u0142nienia elektronicznego formularza.<\/li><\/ol><h2>Cele polityki<\/h2><p>Celem Polityki jest:<\/p><ol><li>u\u015bwiadomienie U\u017cytkownika, w\u00a0jakim zakresie s\u0105 przetwarzane jego dane osobowe, tak aby U\u017cytkownik m\u00f3g\u0142 samodzielnie, swobodnie i\u00a0\u015bwiadomie decydowa\u0107 o\u00a0tym, czy skorzysta z\u00a0serwis\u00f3w internetowych Biura;<\/li><li class=\"ql-indent-1\">og\u00f3lne okre\u015blenie, w jaki spos\u00f3b i w jakim zakresie <strong>Biuro Pos\u0142a do PE Anny Zalewskiej<\/strong> zbiera dane osobowe U\u017cytkownika oraz do jakich cel\u00f3w te dane wykorzystuje;<\/li><li class=\"ql-indent-1\">poinformowanie U\u017cytkownika o\u00a0przys\u0142uguj\u0105cych mu prawach zgodnie z\u00a0obowi\u0105zuj\u0105cymi przepisami o\u00a0ochronie danych osobowych;<\/li><li class=\"ql-indent-1\">okre\u015blenie zasad bezpiecze\u0144stwa danych osobowych.<\/li><li>Maj\u0105c na wzgl\u0119dzie zaufanie U\u017cytkownika serwis\u00f3w internetowych Biura i powi\u0105zanych z nimi us\u0142ug, <strong>Biuro Pos\u0142a do PE Anny Zalewskiej<\/strong> przyk\u0142ada nale\u017cyt\u0105 staranno\u015b\u0107 do tego, aby dane by\u0142y przetwarzane w spos\u00f3b bezpieczny, rzetelny, zgodny z prawem oraz przejrzysty dla U\u017cytkownika.<\/li><\/ol><h3>III. S\u0142ownik<\/h3><h4>A. Wyra\u017cenia i\u00a0terminy<\/h4><p>Wyra\u017cenia i\u00a0terminy u\u017cyte w\u00a0Polityce Prywatno\u015bci maj\u0105 znaczenie nadane im jak poni\u017cej:<\/p><ol><li>Administrator (danych osobowych) lub <strong>Biuro Pos\u0142a do PE Anny Zalewskiej<\/strong>.<\/li><li>dane osobowe \u2013 to wszelkie informacje o\u00a0zidentyfikowanej lub mo\u017cliwej do\u00a0zidentyfikowania osobie fizycznej (osobie, kt\u00f3rej dane dotycz\u0105); mo\u017cliwa do zidentyfikowania osoba fizyczna to osoba, kt\u00f3r\u0105 mo\u017cna bezpo\u015brednio lub\u00a0po\u015brednio zidentyfikowa\u0107, w\u00a0szczeg\u00f3lno\u015bci na podstawie identyfikatora takiego jak imi\u0119 i\u00a0nazwisko, numer identyfikacyjny, dane o\u00a0lokalizacji, identyfikator internetowy lub jeden b\u0105d\u017a kilka szczeg\u00f3lnych czynnik\u00f3w okre\u015blaj\u0105cych fizyczn\u0105, fizjologiczn\u0105, genetyczn\u0105, psychiczn\u0105, ekonomiczn\u0105, kulturow\u0105 lub spo\u0142eczn\u0105 to\u017csamo\u015b\u0107 osoby fizycznej;<\/li><li>Inspektor ochrony danych \u2013 to osoba wyznaczona przez Administratora w\u00a0celu informowania i\u00a0doradzania Administratorowi w\u00a0zakresie obowi\u0105zuj\u0105cego prawa o\u00a0ochronie danych osobowych i\u00a0wydanych przez niego Polityk oraz w\u00a0celu monitorowania ich\u00a0przestrzegania oraz dzia\u0142ania jako punkt kontaktowy dla U\u017cytkownika i\u00a0organu nadzorczego;<\/li><li>przetwarzanie \u2013 to operacja lub zestaw operacji wykonywanych na danych osobowych lub zestawach danych osobowych w\u00a0spos\u00f3b zautomatyzowany lub niezautomatyzowany, taka jak zbieranie, utrwalanie, organizowanie, porz\u0105dkowanie, przechowywanie, adaptowanie lub modyfikowanie, pobieranie, przegl\u0105danie, wykorzystywanie, ujawnianie poprzez przes\u0142anie, rozpowszechnianie lub innego rodzaju udost\u0119pnianie, dopasowywanie lub\u00a0\u0142\u0105czenie, ograniczanie, usuwanie lub niszczenie;<\/li><li>U\u017cytkownik \u2013 to osoba odwiedzaj\u0105ca lub korzystaj\u0105ca z\u00a0serwis\u00f3w internetowych Biura i\u00a0powi\u0105zanych z\u00a0nimi us\u0142ug.<\/li><\/ol><h4>B. Akty prawne<\/h4><p>U\u017cyty w\u00a0Polityce Prywatno\u015bci skr\u00f3t RODO oznacza Rozporz\u0105dzenie Parlamentu Europejskiego i\u00a0Rady (UE) 2016\/679 z\u00a0dnia 27\u00a0kwietnia 2016\u00a0r. w\u00a0sprawie ochrony os\u00f3b fizycznych w\u00a0zwi\u0105zku z\u00a0przetwarzaniem danych osobowych i\u00a0w\u00a0sprawie swobodnego przep\u0142ywu takich danych oraz uchylenia dyrektywy 95\/46\/WE (og\u00f3lne rozporz\u0105dzenie o\u00a0ochronie danych).<\/p><h3>IV. Zasady przetwarzania danych osobowych<\/h3><ol><li><strong>Biuro Pos\u0142a do PE Anny Zalewskiej<\/strong> podejmuje techniczne i organizacyjne \u015brodki s\u0142u\u017c\u0105ce ochronie danych osobowych przed bezprawnym, w szczeg\u00f3lno\u015bci nieautoryzowanym dost\u0119pem lub wykorzystaniem ich, jak r\u00f3wnie\u017c przed przypadkowym ich zniszczeniem, utrat\u0105 lub naruszeniem integralno\u015bci.<\/li><li>W celu zapewniania bezpiecze\u0144stwa przetwarzanych danych osobowych uwzgl\u0119dnienia si\u0119 nast\u0119puj\u0105ce atrybuty bezpiecze\u0144stwa, tj.:<\/li><li>poufno\u015b\u0107 \u2013 rozumiana jako ochrona danych osobowych przed przypadkowym ujawnieniem ich osobom nieuprawnionym,<\/li><li class=\"ql-indent-1\">integralno\u015b\u0107 \u2013 rozumiana jako ochrona danych osobowych przed ich nieuprawnion\u0105 modyfikacj\u0105,<\/li><li class=\"ql-indent-1\">dost\u0119pno\u015bci \u2013 rozumiana jako zapewnienie dost\u0119pu do danych osobowych, je\u017celi wyst\u0105pi taka potrzeba.<\/li><li>Ka\u017cda osoba wykonuj\u0105ca prac\u0119 b\u0105d\u017a \u015bwiadcz\u0105ca us\u0142ugi na rzecz Biura i\u00a0maj\u0105ca dost\u0119p do danych osobowych dysponuje odpowiednim upowa\u017cnieniem i\u00a0jest zobowi\u0105zana do zachowania poufno\u015bci.<\/li><li>Dane osobowe, kt\u00f3re U\u017cytkownik przekazuje Biurze w\u00a0zwi\u0105zku z\u00a0korzystaniem serwis\u00f3w internetowych Biura i\u00a0powi\u0105zanych z\u00a0nimi us\u0142ug, s\u0105\u00a0szyfrowane i\u00a0chronione za pomoc\u0105 certyfikatu SSL.<\/li><li>W zwi\u0105zku z przetwarzaniem danych osobowych U\u017cytkownika <strong>Biuro Pos\u0142a do PE Anny Zalewskiej <\/strong>kieruje si\u0119 nast\u0119puj\u0105cymi zasadami:<\/li><li>zgodno\u015bci z\u00a0prawem &#8211; co oznacza, \u017ce dane osobowe U\u017cytkownika s\u0105\u00a0przetwarzane z\u00a0poszanowaniem przes\u0142anek legalno\u015bci wynikaj\u0105cych z\u00a0art.\u00a06, art.\u00a09\u00a0i art. 10 Rozporz\u0105dzenia RODO;\u00a0<\/li><li class=\"ql-indent-1\">rzetelno\u015bci i\u00a0przejrzysto\u015bci &#8211; co oznacza, \u017ce dane osobowe s\u0105 przetwarzane rzetelnie i\u00a0w spos\u00f3b przejrzysty dla U\u017cytkownika, w\u00a0szczeg\u00f3lno\u015bci poprzez prawid\u0142ow\u0105 realizacj\u0119 obowi\u0105zk\u00f3w informacyjnych;<\/li><li class=\"ql-indent-1\">ograniczenia celu przetwarzania danych &#8211; co oznacza, \u017ce dane osobowe U\u017cytkownika s\u0105\u00a0zbierane w\u00a0konkretnych, wyra\u017anych i\u00a0prawnie uzasadnionych celach i\u00a0nieprzetwarzane dalej w\u00a0spos\u00f3b niezgodny z\u00a0tymi celami, przy czym dalsze przetwarzanie do cel\u00f3w archiwalnych w\u00a0interesie publicznym, do cel\u00f3w bada\u0144 naukowych lub historycznych lub do cel\u00f3w statystycznych nie jest uznawane za niezgodne z\u00a0pierwotnymi celami;<\/li><li class=\"ql-indent-1\">minimalizacji danych &#8211; co oznacza, \u017ce dane osobowe U\u017cytkownika s\u0105\u00a0przetwarzane w\u00a0spos\u00f3b adekwatny, stosowny oraz ograniczony do tego, co niezb\u0119dne do cel\u00f3w, w\u00a0kt\u00f3rych s\u0105 przetwarzane;<\/li><li class=\"ql-indent-1\">prawid\u0142owo\u015bci &#8211; co oznacza, \u017ce dane osobowe U\u017cytkownika musz\u0105 by\u0107 prawid\u0142owe i\u00a0w\u00a0razie potrzeby uaktualniane, tym samym dane osobowe, kt\u00f3re s\u0105\u00a0nieprawid\u0142owe w\u00a0\u015bwietle cel\u00f3w ich przetwarzania, zostaj\u0105 niezw\u0142ocznie usuni\u0119te lub sprostowane;<\/li><li class=\"ql-indent-1\">ograniczenia przechowywania &#8211; co oznacza, \u017ce dane osobowe U\u017cytkownika musz\u0105 by\u0107 przechowywane w\u00a0formie umo\u017cliwiaj\u0105cej identyfikacj\u0119 U\u017cytkownika, przez okres nie d\u0142u\u017cszy, ni\u017c jest to niezb\u0119dne do cel\u00f3w, w\u00a0kt\u00f3rych dane te s\u0105 przetwarzane, z\u00a0zastrze\u017ceniem \u017ce wdro\u017cone s\u0105 \u015brodki techniczne i\u00a0organizacyjne wymagane na mocy Rozporz\u0105dzenia RODO w\u00a0celu ochrony praw i\u00a0wolno\u015bci U\u017cytkownika oraz z\u00a0zastrze\u017ceniem, \u017ce dane osobowe mo\u017cna przechowywa\u0107 przez okres d\u0142u\u017cszy, o\u00a0ile b\u0119d\u0105 one\u00a0przetwarzane wy\u0142\u0105cznie do cel\u00f3w archiwalnych w\u00a0interesie publicznym, do\u00a0cel\u00f3w bada\u0144 naukowych lub historycznych lub do cel\u00f3w statystycznych;<\/li><li class=\"ql-indent-1\">integralno\u015bci i\u00a0poufno\u015bci &#8211; co oznacza, \u017ce dane osobowe U\u017cytkownika musz\u0105 by\u0107 przetwarzane w\u00a0spos\u00f3b zapewniaj\u0105cy odpowiednie ich\u00a0bezpiecze\u0144stwo, w\u00a0tym ochron\u0119 przed niedozwolonym lub niezgodnym z\u00a0prawem przetwarzaniem oraz przypadkow\u0105 utrat\u0105, zniszczeniem lub\u00a0uszkodzeniem;<\/li><li class=\"ql-indent-1\">dost\u0119pno\u015bci &#8211; co oznacza, \u017ce dane osobowe U\u017cytkownika musz\u0105 by\u0107\u00a0zabezpieczone przed ich zniszczeniem, a\u00a0dzia\u0142anie serwis\u00f3w internetowych Biura i\u00a0powi\u0105zanych z\u00a0nimi us\u0142ug ma zapewni\u0107, aby dane osobowe by\u0142y dost\u0119pne dla os\u00f3b upowa\u017cnionych wtedy, gdy je potrzebuj\u0105 lub w\u00a0odpowiednim do potrzeb czasie.<\/li><\/ol>\t\t\t\t\t\t\t\t<\/div>\n\t\t\t\t<\/div>\n\t\t\t\t\t<\/div>\n\t\t\t\t<\/div>\n\t\t\t\t<\/div>\n\t\t","protected":false},"excerpt":{"rendered":"<p>Polityka prywatno\u015bci Administrator (danych osobowych) lub Biuro Pos\u0142a do PE Anny Zalewskiej, pl. Solidarno\u015bci 1\/3\/5 pok.411 53-661 Wroc\u0142aw . Z Administratorem mo\u017cna si\u0119 skontaktowa\u0107 r\u00f3wnie\u017c pod adresem: biuro@anna-zalewska.eu. Wydawc\u0105 i administratorem serwis\u00f3w internetowych jest Biuro Pos\u0142a do PE Anny Zalewskiej. Inspektor ochrony danych \u2013 to osoba wyznaczona przez Administratora w celu informowania i doradzania Administratorowi [&hellip;]<\/p>\n","protected":false},"author":1,"featured_media":0,"parent":0,"menu_order":0,"comment_status":"closed","ping_status":"closed","template":"page-templates\/home.php","meta":{"_acf_changed":false,"_monsterinsights_skip_tracking":false,"_monsterinsights_sitenote_active":false,"_monsterinsights_sitenote_note":"","_monsterinsights_sitenote_category":0,"footnotes":""},"class_list":["post-17953","page","type-page","status-publish","hentry"],"acf":[],"_links":{"self":[{"href":"https:\/\/www.annazalewska.pl\/nowa2\/wp-json\/wp\/v2\/pages\/17953","targetHints":{"allow":["GET"]}}],"collection":[{"href":"https:\/\/www.annazalewska.pl\/nowa2\/wp-json\/wp\/v2\/pages"}],"about":[{"href":"https:\/\/www.annazalewska.pl\/nowa2\/wp-json\/wp\/v2\/types\/page"}],"author":[{"embeddable":true,"href":"https:\/\/www.annazalewska.pl\/nowa2\/wp-json\/wp\/v2\/users\/1"}],"replies":[{"embeddable":true,"href":"https:\/\/www.annazalewska.pl\/nowa2\/wp-json\/wp\/v2\/comments?post=17953"}],"version-history":[{"count":7,"href":"https:\/\/www.annazalewska.pl\/nowa2\/wp-json\/wp\/v2\/pages\/17953\/revisions"}],"predecessor-version":[{"id":17961,"href":"https:\/\/www.annazalewska.pl\/nowa2\/wp-json\/wp\/v2\/pages\/17953\/revisions\/17961"}],"wp:attachment":[{"href":"https:\/\/www.annazalewska.pl\/nowa2\/wp-json\/wp\/v2\/media?parent=17953"}],"curies":[{"name":"wp","href":"https:\/\/api.w.org\/{rel}","templated":true}]}}