{"id":17865,"date":"2024-11-15T13:42:17","date_gmt":"2024-11-15T12:42:17","guid":{"rendered":"https:\/\/www.annazalewska.pl\/nowa2\/?page_id=17865"},"modified":"2024-11-15T13:53:29","modified_gmt":"2024-11-15T12:53:29","slug":"parlament-europejski","status":"publish","type":"page","link":"https:\/\/www.annazalewska.pl\/nowa2\/parlament-europejski\/","title":{"rendered":"Parlament Europejski"},"content":{"rendered":"\t\t<div data-elementor-type=\"wp-page\" data-elementor-id=\"17865\" class=\"elementor elementor-17865\">\n\t\t\t\t<div class=\"elementor-element elementor-element-1405a1ba e-flex e-con-boxed e-con e-parent\" data-id=\"1405a1ba\" data-element_type=\"container\">\n\t\t\t\t\t<div class=\"e-con-inner\">\n\t\t\t\t<div class=\"elementor-element elementor-element-1b2418ed elementor-widget elementor-widget-text-editor\" data-id=\"1b2418ed\" data-element_type=\"widget\" data-widget_type=\"text-editor.default\">\n\t\t\t\t<div class=\"elementor-widget-container\">\n\t\t\t\t\t\t\t\t\t\n<p class=\"is-style-custom-style\"><\/p>\n\t\t\t\t\t\t\t\t<\/div>\n\t\t\t\t<\/div>\n\t\t\t\t\t<\/div>\n\t\t\t\t<\/div>\n\t\t<div class=\"elementor-element elementor-element-06537cf e-flex e-con-boxed e-con e-parent\" data-id=\"06537cf\" data-element_type=\"container\">\n\t\t\t\t\t<div class=\"e-con-inner\">\n\t\t\t\t<div class=\"elementor-element elementor-element-ee207f8 elementor-widget elementor-widget-heading\" data-id=\"ee207f8\" data-element_type=\"widget\" data-widget_type=\"heading.default\">\n\t\t\t\t<div class=\"elementor-widget-container\">\n\t\t\t\t\t<h2 class=\"elementor-heading-title elementor-size-default\">Parlament Europejski<\/h2>\t\t\t\t<\/div>\n\t\t\t\t<\/div>\n\t\t\t\t\t<\/div>\n\t\t\t\t<\/div>\n\t\t<div class=\"elementor-element elementor-element-d85eec6 e-flex e-con-boxed e-con e-parent\" data-id=\"d85eec6\" data-element_type=\"container\">\n\t\t\t\t\t<div class=\"e-con-inner\">\n\t\t<div class=\"elementor-element elementor-element-8110696 e-con-full e-flex e-con e-child\" data-id=\"8110696\" data-element_type=\"container\">\n\t\t\t\t<div class=\"elementor-element elementor-element-5a7a091 elementor-widget elementor-widget-text-editor\" data-id=\"5a7a091\" data-element_type=\"widget\" data-widget_type=\"text-editor.default\">\n\t\t\t\t<div class=\"elementor-widget-container\">\n\t\t\t\t\t\t\t\t\t<div class=\"ep_gridrow\">\n<div class=\"ep_gridrow-content\">\n<div class=\"ep_gridcolumn\" data-view1200=\"8\" data-view1020=\"8\" data-view750=\"12\" data-view640=\"8\" data-view480=\"8\" data-view320=\"4\">\n<div class=\"ep_gridrow ep-o_product\" data-layout1200=\"underline\" data-layout1020=\"underline\" data-layout750=\"underline\" data-layout640=\"underline\" data-layout480=\"underline\" data-layout320=\"underline\">\n<div class=\"ep_gridrow-content\">\n<div class=\"ep_gridcolumn ep-m_product\" data-view1200=\"8\" data-view1020=\"8\" data-view750=\"12\" data-view640=\"8\" data-view480=\"8\" data-view320=\"4\" data-layout1200=\"center\" data-layout1020=\"center\" data-layout750=\"center\" data-layout640=\"center\" data-layout480=\"center\" data-layout320=\"center\">\n<div class=\"ep_gridcolumn-content\">\n<div class=\"ep-a_text\" spellcheck=\"false\" data-visibility480=\"\" data-visibility320=\"\">\n<p style=\"text-align: justify;\">Parlament Europejski jest wa\u017cnym forum debaty politycznej i podejmowania decyzji na szczeblu UE. Pos\u0142owie do Parlamentu Europejskiego s\u0105 wybierani bezpo\u015brednio przez wyborc\u00f3w we wszystkich pa\u0144stwach cz\u0142onkowskich, aby reprezentowa\u0107 ich interesy w procesie stanowienia prawa UE i pilnowa\u0107, \u017ceby inne instytucje UE pracowa\u0142y demokratycznie.<\/p>\n<div class=\"ep_gridrow\">\n<div class=\"ep_gridrow-content\">\n<div class=\"ep_gridcolumn\" data-view1200=\"8\" data-view1020=\"8\" data-view750=\"12\" data-view640=\"8\" data-view480=\"8\" data-view320=\"4\">\n<div class=\"ep_gridrow\">\n<div class=\"ep_gridrow-content\">\n<div class=\"ep_gridcolumn ep-m_product\" data-view1200=\"8\" data-view1020=\"8\" data-view750=\"12\" data-view640=\"8\" data-view480=\"8\" data-view320=\"4\">\n<div class=\"ep_gridcolumn-content\">\n<div class=\"ep-a_text\" spellcheck=\"false\" data-visibility480=\"\" data-visibility320=\"\">\n<p style=\"text-align: justify;\">W wyniku kolejnych zmian w europejskich traktatach Parlament z up\u0142ywem lat zdoby\u0142 znacz\u0105ce uprawnienia ustawodawcze i bud\u017cetowe, kt\u00f3re umo\u017cliwiaj\u0105 mu \u2013 na r\u00f3wni z przedstawicielami rz\u0105d\u00f3w pa\u0144stw cz\u0142onkowskich zasiadaj\u0105cymi w Radzie \u2013 okre\u015blanie kierunku, w jakim zmierza europejski projekt. W dzia\u0142aniach tych Parlament stara si\u0119 propagowa\u0107 demokracj\u0119 i prawa cz\u0142owieka \u2013 nie tylko w Europie, ale tak\u017ce na ca\u0142ym \u015bwiecie.<\/p>\n<\/div>\n<\/div>\n<\/div>\n<\/div>\n<\/div>\n<\/div>\n<\/div>\n<\/div>\n<\/div>\n<\/div>\n<\/div>\n<\/div>\n<\/div>\n<\/div>\n<\/div>\n<\/div>\t\t\t\t\t\t\t\t<\/div>\n\t\t\t\t<\/div>\n\t\t\t\t<\/div>\n\t\t<div class=\"elementor-element elementor-element-7460fc5 e-con-full e-flex e-con e-child\" data-id=\"7460fc5\" data-element_type=\"container\">\n\t\t\t\t<div class=\"elementor-element elementor-element-99b39d4 elementor-widget elementor-widget-image\" data-id=\"99b39d4\" data-element_type=\"widget\" data-widget_type=\"image.default\">\n\t\t\t\t<div class=\"elementor-widget-container\">\n\t\t\t\t\t\t\t\t\t\t\t\t\t\t\t<img fetchpriority=\"high\" decoding=\"async\" width=\"640\" height=\"446\" src=\"https:\/\/www.annazalewska.pl\/nowa2\/wp-content\/uploads\/2024\/11\/pe.png\" class=\"attachment-large size-large wp-image-17867\" alt=\"\" srcset=\"https:\/\/www.annazalewska.pl\/nowa2\/wp-content\/uploads\/2024\/11\/pe.png 640w, https:\/\/www.annazalewska.pl\/nowa2\/wp-content\/uploads\/2024\/11\/pe-300x209.png 300w\" sizes=\"(max-width: 640px) 100vw, 640px\" \/>\t\t\t\t\t\t\t\t\t\t\t\t\t\t\t<\/div>\n\t\t\t\t<\/div>\n\t\t\t\t<\/div>\n\t\t\t\t\t<\/div>\n\t\t\t\t<\/div>\n\t\t<div class=\"elementor-element elementor-element-a52cc21 e-flex e-con-boxed e-con e-parent\" data-id=\"a52cc21\" data-element_type=\"container\">\n\t\t\t\t\t<div class=\"e-con-inner\">\n\t\t\t\t<div class=\"elementor-element elementor-element-9126959 elementor-widget elementor-widget-text-editor\" data-id=\"9126959\" data-element_type=\"widget\" data-widget_type=\"text-editor.default\">\n\t\t\t\t<div class=\"elementor-widget-container\">\n\t\t\t\t\t\t\t\t\t<div class=\"ep_gridrow\">\n<div class=\"ep_gridrow-content\">\n<div class=\"ep_gridcolumn ep-m_product\" data-view1200=\"8\" data-view1020=\"8\" data-view750=\"12\" data-view640=\"8\" data-view480=\"8\" data-view320=\"4\" data-layout1200=\"center\" data-layout1020=\"center\" data-layout750=\"center\" data-layout640=\"center\" data-layout480=\"center\" data-layout320=\"center\">\n<div class=\"ep_gridcolumn-content\">\n<div class=\"ep-a_text\" spellcheck=\"false\" data-visibility480=\"\" data-visibility320=\"\">\n<div class=\"wpb_text_column wpb_content_element \">\n<div class=\"wpb_wrapper\">\n<p style=\"text-align: justify;\">Ka\u017cdy kraj decyduje o kszta\u0142cie przeprowadzanych u siebie wybor\u00f3w, ale musi gwarantowa\u0107 r\u00f3wno\u015b\u0107 p\u0142ci i tajno\u015b\u0107 g\u0142osowania. Unijne wybory odbywaj\u0105 si\u0119 zgodnie z zasad\u0105 reprezentacji proporcjonalnej.<\/p>\n<\/div>\n<\/div>\n<div class=\"wpb_text_column wpb_content_element \" style=\"text-align: justify;\">\n<div class=\"wpb_wrapper\">\n<p>Mandaty przydzielane s\u0105 na podstawie liczby ludno\u015bci poszczeg\u00f3lnych pa\u0144stw cz\u0142onkowskich. Nieco ponad jedn\u0105 trzeci\u0105 pos\u0142\u00f3w do PE stanowi\u0105 kobiety. Pos\u0142owie do PE s\u0105 pogrupowani wed\u0142ug podobie\u0144stwa pogl\u0105d\u00f3w politycznych, a nie narodowo\u015bci.<\/p>\n<p>Wybrane uprawnienia Parlamentu Europejskiego:<\/p>\n<\/div>\n<\/div>\n<div class=\"mkdf-iwt clearfix  mkdf-iwt-icon-left mkdf-iwt-icon-medium\">\n<ul>\n<li style=\"text-align: justify;\"><span class=\"mkdf-iwt-title\"><span class=\"mkdf-iwt-title-text\">zatwierdza Komisj\u0119 i przewodnicz\u0105cego<\/span><\/span><\/li>\n<li style=\"text-align: justify;\">ma prawo uchwalenia wotum<\/li>\n<li style=\"text-align: justify;\">ma prawo zadawania pyta\u0144 komisarzom<\/li>\n<\/ul>\n<\/div>\n<\/div>\n<\/div>\n<\/div>\n<\/div>\n<\/div>\t\t\t\t\t\t\t\t<\/div>\n\t\t\t\t<\/div>\n\t\t\t\t<div class=\"elementor-element elementor-element-5787fdc elementor-widget elementor-widget-video\" data-id=\"5787fdc\" data-element_type=\"widget\" data-settings=\"{&quot;youtube_url&quot;:&quot;https:\\\/\\\/www.youtube.com\\\/watch?v=e6ypXnrUI8w&quot;,&quot;video_type&quot;:&quot;youtube&quot;,&quot;controls&quot;:&quot;yes&quot;}\" data-widget_type=\"video.default\">\n\t\t\t\t<div class=\"elementor-widget-container\">\n\t\t\t\t\t\t\t<div class=\"elementor-wrapper elementor-open-inline\">\n\t\t\t<div class=\"elementor-video\"><\/div>\t\t<\/div>\n\t\t\t\t\t\t<\/div>\n\t\t\t\t<\/div>\n\t\t\t\t\t<\/div>\n\t\t\t\t<\/div>\n\t\t<div class=\"elementor-element elementor-element-37ea1a8 e-flex e-con-boxed e-con e-parent\" data-id=\"37ea1a8\" data-element_type=\"container\">\n\t\t\t\t\t<div class=\"e-con-inner\">\n\t\t\t\t<div class=\"elementor-element elementor-element-b2128c1 elementor-widget elementor-widget-text-editor\" data-id=\"b2128c1\" data-element_type=\"widget\" data-widget_type=\"text-editor.default\">\n\t\t\t\t<div class=\"elementor-widget-container\">\n\t\t\t\t\t\t\t\t\t<p style=\"text-align: right;\">\u0179r\u00f3d\u0142o informacji: <a href=\"https:\/\/www.europarl.europa.eu\/\">Strona Parlamentu Europejskiego<\/a><\/p>\t\t\t\t\t\t\t\t<\/div>\n\t\t\t\t<\/div>\n\t\t\t\t\t<\/div>\n\t\t\t\t<\/div>\n\t\t\t\t<\/div>\n\t\t","protected":false},"excerpt":{"rendered":"<p>Parlament Europejski Parlament Europejski jest wa\u017cnym forum debaty politycznej i podejmowania decyzji na szczeblu UE. Pos\u0142owie do Parlamentu Europejskiego s\u0105 wybierani bezpo\u015brednio przez wyborc\u00f3w we wszystkich pa\u0144stwach cz\u0142onkowskich, aby reprezentowa\u0107 ich interesy w procesie stanowienia prawa UE i pilnowa\u0107, \u017ceby inne instytucje UE pracowa\u0142y demokratycznie. W wyniku kolejnych zmian w europejskich traktatach Parlament z up\u0142ywem [&hellip;]<\/p>\n","protected":false},"author":1,"featured_media":0,"parent":0,"menu_order":0,"comment_status":"closed","ping_status":"closed","template":"page-templates\/home.php","meta":{"_acf_changed":false,"_monsterinsights_skip_tracking":false,"_monsterinsights_sitenote_active":false,"_monsterinsights_sitenote_note":"","_monsterinsights_sitenote_category":0,"footnotes":""},"class_list":["post-17865","page","type-page","status-publish","hentry"],"acf":[],"_links":{"self":[{"href":"https:\/\/www.annazalewska.pl\/nowa2\/wp-json\/wp\/v2\/pages\/17865","targetHints":{"allow":["GET"]}}],"collection":[{"href":"https:\/\/www.annazalewska.pl\/nowa2\/wp-json\/wp\/v2\/pages"}],"about":[{"href":"https:\/\/www.annazalewska.pl\/nowa2\/wp-json\/wp\/v2\/types\/page"}],"author":[{"embeddable":true,"href":"https:\/\/www.annazalewska.pl\/nowa2\/wp-json\/wp\/v2\/users\/1"}],"replies":[{"embeddable":true,"href":"https:\/\/www.annazalewska.pl\/nowa2\/wp-json\/wp\/v2\/comments?post=17865"}],"version-history":[{"count":10,"href":"https:\/\/www.annazalewska.pl\/nowa2\/wp-json\/wp\/v2\/pages\/17865\/revisions"}],"predecessor-version":[{"id":17881,"href":"https:\/\/www.annazalewska.pl\/nowa2\/wp-json\/wp\/v2\/pages\/17865\/revisions\/17881"}],"wp:attachment":[{"href":"https:\/\/www.annazalewska.pl\/nowa2\/wp-json\/wp\/v2\/media?parent=17865"}],"curies":[{"name":"wp","href":"https:\/\/api.w.org\/{rel}","templated":true}]}}