{"id":17902,"date":"2024-11-15T14:14:47","date_gmt":"2024-11-15T13:14:47","guid":{"rendered":"https:\/\/www.annazalewska.pl\/nowa2\/?page_id=17902"},"modified":"2024-11-20T13:23:35","modified_gmt":"2024-11-20T12:23:35","slug":"kontakt","status":"publish","type":"page","link":"https:\/\/www.annazalewska.pl\/en\/kontakt\/","title":{"rendered":"Kontakt"},"content":{"rendered":"\t\t<div data-elementor-type=\"wp-page\" data-elementor-id=\"17902\" class=\"elementor elementor-17902\">\n\t\t\t\t<div class=\"elementor-element elementor-element-c4c7c2e e-flex e-con-boxed e-con e-parent\" data-id=\"c4c7c2e\" data-element_type=\"container\">\n\t\t\t\t\t<div class=\"e-con-inner\">\n\t\t\t\t<div class=\"elementor-element elementor-element-0123221 elementor-widget elementor-widget-heading\" data-id=\"0123221\" data-element_type=\"widget\" data-widget_type=\"heading.default\">\n\t\t\t\t<div class=\"elementor-widget-container\">\n\t\t\t<h1 class=\"elementor-heading-title elementor-size-default\">Contact<\/h1>\t\t<\/div>\n\t\t\t\t<\/div>\n\t\t\t\t\t<\/div>\n\t\t\t\t<\/div>\n\t\t<div class=\"elementor-element elementor-element-fbd9e67 e-grid e-con-boxed e-con e-parent\" data-id=\"fbd9e67\" data-element_type=\"container\">\n\t\t\t\t\t<div class=\"e-con-inner\">\n\t\t\t\t<div class=\"elementor-element elementor-element-60cfe5a elementor-widget elementor-widget-image\" data-id=\"60cfe5a\" data-element_type=\"widget\" data-widget_type=\"image.default\">\n\t\t\t\t<div class=\"elementor-widget-container\">\n\t\t\t\t\t\t\t\t\t\t\t\t\t<img fetchpriority=\"high\" decoding=\"async\" width=\"768\" height=\"367\" src=\"https:\/\/www.annazalewska.pl\/en\/wp-content\/uploads\/2024\/11\/w1.jpg\" class=\"attachment-full size-full wp-image-17908\" alt=\"\" srcset=\"https:\/\/www.annazalewska.pl\/en\/wp-content\/uploads\/2024\/11\/w1.jpg 768w, https:\/\/www.annazalewska.pl\/en\/wp-content\/uploads\/2024\/11\/w1-300x143.jpg 300w\" sizes=\"(max-width: 768px) 100vw, 768px\" \/>\t\t\t\t\t\t\t\t\t\t\t\t\t<\/div>\n\t\t\t\t<\/div>\n\t\t\t\t<div class=\"elementor-element elementor-element-6721b61 elementor-widget elementor-widget-text-editor\" data-id=\"6721b61\" data-element_type=\"widget\" data-widget_type=\"text-editor.default\">\n\t\t\t\t<div class=\"elementor-widget-container\">\n\t\t\t\t\t\t\t<h2 style=\"text-align: center;\"><strong>Wroc\u0142aw<\/strong><\/h2><p>Office of MEP Anna Zalewska in Wroc\u0142aw<\/p><p>pl. Solidarno\u015bci 1\/3\/5 room 411 53-661 Wroc\u0142aw<\/p><p>Open on:<\/p><p>Monday \u2013 Friday 10:00 \u2013 16:00<\/p><p>Head of the MEP&#8217;s office \u2013 S\u0142awomir \u015amigielski<br \/>Assistant to the MEP \u2013 Wiktoria Mielniczek<\/p><p>Contakt: <strong>e-mail:\u00a0<a href=\"mailto:biuro@anna-zalewska.eu\">biuro@anna-zalewska.eu<\/a><\/strong><\/p><p><strong>e-mail:\u00a0<a href=\"mailto:wojciechstefan.gnat@europarl.europa.eu\">wojciechstefan.gnat@europarl.europa.eu<\/a><\/strong><\/p><p><strong>tel: +48 662 594 041<br \/><\/strong>tel.: +48 795 333 507<\/p>\t\t\t\t\t\t<\/div>\n\t\t\t\t<\/div>\n\t\t\t\t\t<\/div>\n\t\t\t\t<\/div>\n\t\t<div class=\"elementor-element elementor-element-662f4e1 e-flex e-con-boxed e-con e-parent\" data-id=\"662f4e1\" data-element_type=\"container\">\n\t\t\t\t\t<div class=\"e-con-inner\">\n\t\t<div class=\"elementor-element elementor-element-e74cfd0 e-con-full e-flex e-con e-child\" data-id=\"e74cfd0\" data-element_type=\"container\">\n\t\t\t\t<div class=\"elementor-element elementor-element-5d1db07 elementor-widget elementor-widget-image\" data-id=\"5d1db07\" data-element_type=\"widget\" data-widget_type=\"image.default\">\n\t\t\t\t<div class=\"elementor-widget-container\">\n\t\t\t\t\t\t\t\t\t\t\t\t\t<img decoding=\"async\" width=\"800\" height=\"533\" src=\"https:\/\/www.annazalewska.pl\/en\/wp-content\/uploads\/2024\/11\/j1.jpg\" class=\"attachment-large size-large wp-image-17909\" alt=\"\" srcset=\"https:\/\/www.annazalewska.pl\/en\/wp-content\/uploads\/2024\/11\/j1.jpg 800w, https:\/\/www.annazalewska.pl\/en\/wp-content\/uploads\/2024\/11\/j1-300x200.jpg 300w, https:\/\/www.annazalewska.pl\/en\/wp-content\/uploads\/2024\/11\/j1-768x512.jpg 768w\" sizes=\"(max-width: 800px) 100vw, 800px\" \/>\t\t\t\t\t\t\t\t\t\t\t\t\t<\/div>\n\t\t\t\t<\/div>\n\t\t\t\t<\/div>\n\t\t<div class=\"elementor-element elementor-element-a412f84 e-con-full e-flex e-con e-child\" data-id=\"a412f84\" data-element_type=\"container\">\n\t\t\t\t<div class=\"elementor-element elementor-element-9cf2616 elementor-widget elementor-widget-text-editor\" data-id=\"9cf2616\" data-element_type=\"widget\" data-widget_type=\"text-editor.default\">\n\t\t\t\t<div class=\"elementor-widget-container\">\n\t\t\t\t\t\t\t<h2 style=\"text-align: center;\"><strong>Jawor<\/strong><\/h2><p>Branch of the Office of MEP Anna Zalewska in Jawor<\/p><p>ul. Pi\u0142sudskiego 9, 59-400 Jawor<\/p><p>Open on:<\/p><p>Monday-Friday 10.00-16.00<\/p><p>e-mail: <a href=\"mailto:biuro@anna-zalewska.eu\"><strong>biuro@anna-zalewska.eu\u00a0<\/strong><\/a><\/p><p><strong><a href=\"mailto:marek.trela73@wp.pl\">marek.trela73@wp.pl<\/a><\/strong><\/p><p>tel: <strong>+48 782 858 175<\/strong><\/p>\t\t\t\t\t\t<\/div>\n\t\t\t\t<\/div>\n\t\t\t\t<\/div>\n\t\t\t\t\t<\/div>\n\t\t\t\t<\/div>\n\t\t<div class=\"elementor-element elementor-element-b834fc0 e-flex e-con-boxed e-con e-parent\" data-id=\"b834fc0\" data-element_type=\"container\">\n\t\t\t\t\t<div class=\"e-con-inner\">\n\t\t<div class=\"elementor-element elementor-element-b913853 e-con-full e-flex e-con e-child\" data-id=\"b913853\" data-element_type=\"container\">\n\t\t\t\t<div class=\"elementor-element elementor-element-5e99359 elementor-widget elementor-widget-image\" data-id=\"5e99359\" data-element_type=\"widget\" data-widget_type=\"image.default\">\n\t\t\t\t<div class=\"elementor-widget-container\">\n\t\t\t\t\t\t\t\t\t\t\t\t\t<img decoding=\"async\" width=\"768\" height=\"512\" src=\"https:\/\/www.annazalewska.pl\/en\/wp-content\/uploads\/2024\/11\/b1.jpg\" class=\"attachment-full size-full wp-image-17910\" alt=\"\" srcset=\"https:\/\/www.annazalewska.pl\/en\/wp-content\/uploads\/2024\/11\/b1.jpg 768w, https:\/\/www.annazalewska.pl\/en\/wp-content\/uploads\/2024\/11\/b1-300x200.jpg 300w\" sizes=\"(max-width: 768px) 100vw, 768px\" \/>\t\t\t\t\t\t\t\t\t\t\t\t\t<\/div>\n\t\t\t\t<\/div>\n\t\t\t\t<\/div>\n\t\t<div class=\"elementor-element elementor-element-e9d169d e-con-full e-flex e-con e-child\" data-id=\"e9d169d\" data-element_type=\"container\">\n\t\t\t\t<div class=\"elementor-element elementor-element-557c59e elementor-widget elementor-widget-text-editor\" data-id=\"557c59e\" data-element_type=\"widget\" data-widget_type=\"text-editor.default\">\n\t\t\t\t<div class=\"elementor-widget-container\">\n\t\t\t\t\t\t\t<h2 style=\"text-align: center;\"><strong>Bruksela<\/strong><\/h2><p><strong>Parlament Europejski<\/strong><br \/>B\u00e2t. SOPHIE SCHOLL<br \/>05U049<br \/>60, rue Wiertz \/ Wiertzstraat 60<br \/>B-1047 Bruxelles\/Brussels<br \/>BELGIA<\/p><p>tel. 0032 2 28 45515<\/p><p>e-mail:<a href=\"mailto:anna.zalewska@europarl.europa.eu\"><strong> anna.zalewska@europarl.europa.eu<\/strong><\/a><br \/><strong><a href=\"mailto:wojciechstefan.gnat@europarl.europa.eu\">wojciechstefan.gnat@europarl.europa.eu<\/a><\/strong><\/p>\t\t\t\t\t\t<\/div>\n\t\t\t\t<\/div>\n\t\t\t\t<\/div>\n\t\t\t\t\t<\/div>\n\t\t\t\t<\/div>\n\t\t<div class=\"elementor-element elementor-element-7fbe9fa e-flex e-con-boxed e-con e-parent\" data-id=\"7fbe9fa\" data-element_type=\"container\">\n\t\t\t\t\t<div class=\"e-con-inner\">\n\t\t<div class=\"elementor-element elementor-element-382b197 e-con-full e-flex e-con e-child\" data-id=\"382b197\" data-element_type=\"container\">\n\t\t\t\t<div class=\"elementor-element elementor-element-337ee70 elementor-widget elementor-widget-image\" data-id=\"337ee70\" data-element_type=\"widget\" data-widget_type=\"image.default\">\n\t\t\t\t<div class=\"elementor-widget-container\">\n\t\t\t\t\t\t\t\t\t\t\t\t\t<img loading=\"lazy\" decoding=\"async\" width=\"768\" height=\"360\" src=\"https:\/\/www.annazalewska.pl\/en\/wp-content\/uploads\/2024\/11\/s1.jpg\" class=\"attachment-full size-full wp-image-17911\" alt=\"\" srcset=\"https:\/\/www.annazalewska.pl\/en\/wp-content\/uploads\/2024\/11\/s1.jpg 768w, https:\/\/www.annazalewska.pl\/en\/wp-content\/uploads\/2024\/11\/s1-300x141.jpg 300w\" sizes=\"(max-width: 768px) 100vw, 768px\" \/>\t\t\t\t\t\t\t\t\t\t\t\t\t<\/div>\n\t\t\t\t<\/div>\n\t\t\t\t<\/div>\n\t\t<div class=\"elementor-element elementor-element-7a47947 e-con-full e-flex e-con e-child\" data-id=\"7a47947\" data-element_type=\"container\">\n\t\t\t\t<div class=\"elementor-element elementor-element-6d9caa5 elementor-widget elementor-widget-text-editor\" data-id=\"6d9caa5\" data-element_type=\"widget\" data-widget_type=\"text-editor.default\">\n\t\t\t\t<div class=\"elementor-widget-container\">\n\t\t\t\t\t\t\t<div class=\"wpb_text_column wpb_content_element \"><div class=\"wpb_wrapper\"><h2 style=\"text-align: center;\"><strong>Strasbourg<\/strong><\/h2><\/div><\/div><div class=\"separator  transparent   \">\u00a0<\/div><div class=\"wpb_text_column wpb_content_element \"><div class=\"wpb_wrapper\"><p>Parlament Europejski<br \/>B\u00e2t. SALVADOR DE MADARIAGA<br \/>G03039<br \/>1, avenue du Pr\u00e9sident Robert Schuman<br \/>CS 91024<br \/>F-67070 Strasbourg Cedex<\/p><p>tel. 0033 3 88 1 75515 <br \/>e-mail: <strong><a href=\"mailto:anna.zalewska@europarl.europa.eu\">anna.zalewska@europarl.europa.eu<\/a><\/strong><br \/><a href=\"mailto:wojciechstefan.gnat@europarl.europa.eu\"><strong>wojciechstefan.gnat@europarl.europa.eu<\/strong><\/a><\/p><\/div><\/div>\t\t\t\t\t\t<\/div>\n\t\t\t\t<\/div>\n\t\t\t\t<\/div>\n\t\t\t\t\t<\/div>\n\t\t\t\t<\/div>\n\t\t<div class=\"elementor-element elementor-element-fb4dad6 e-flex e-con-boxed e-con e-parent\" data-id=\"fb4dad6\" data-element_type=\"container\">\n\t\t\t\t\t<div class=\"e-con-inner\">\n\t\t\t\t<div class=\"elementor-element elementor-element-11b2b4c elementor-widget elementor-widget-spacer\" data-id=\"11b2b4c\" data-element_type=\"widget\" data-widget_type=\"spacer.default\">\n\t\t\t\t<div class=\"elementor-widget-container\">\n\t\t\t\t\t<div class=\"elementor-spacer\">\n\t\t\t<div class=\"elementor-spacer-inner\"><\/div>\n\t\t<\/div>\n\t\t\t\t<\/div>\n\t\t\t\t<\/div>\n\t\t\t\t\t<\/div>\n\t\t\t\t<\/div>\n\t\t\t\t<\/div>\n\t\t","protected":false},"excerpt":{"rendered":"<p>Contact Wroc\u0142aw Office of MEP Anna Zalewska in Wroc\u0142aw pl. Solidarno\u015bci 1\/3\/5 room 411 53-661 Wroc\u0142aw Open on: Monday \u2013 Friday 10:00 \u2013 16:00 Head of the MEP&#8217;s office \u2013 S\u0142awomir \u015amigielskiAssistant to the MEP \u2013 Wiktoria Mielniczek Contakt: e-mail:\u00a0biuro@anna-zalewska.eu e-mail:\u00a0wojciechstefan.gnat@europarl.europa.eu tel: +48 662 594 041tel.: +48 795 333 507 Jawor Branch of the Office [&hellip;]<\/p>\n","protected":false},"author":1,"featured_media":0,"parent":0,"menu_order":0,"comment_status":"closed","ping_status":"closed","template":"page-templates\/home.php","meta":{"_acf_changed":false,"_monsterinsights_skip_tracking":false,"_monsterinsights_sitenote_active":false,"_monsterinsights_sitenote_note":"","_monsterinsights_sitenote_category":0,"footnotes":""},"class_list":["post-17902","page","type-page","status-publish","hentry"],"acf":[],"aioseo_notices":[],"_links":{"self":[{"href":"https:\/\/www.annazalewska.pl\/en\/wp-json\/wp\/v2\/pages\/17902","targetHints":{"allow":["GET"]}}],"collection":[{"href":"https:\/\/www.annazalewska.pl\/en\/wp-json\/wp\/v2\/pages"}],"about":[{"href":"https:\/\/www.annazalewska.pl\/en\/wp-json\/wp\/v2\/types\/page"}],"author":[{"embeddable":true,"href":"https:\/\/www.annazalewska.pl\/en\/wp-json\/wp\/v2\/users\/1"}],"replies":[{"embeddable":true,"href":"https:\/\/www.annazalewska.pl\/en\/wp-json\/wp\/v2\/comments?post=17902"}],"version-history":[{"count":19,"href":"https:\/\/www.annazalewska.pl\/en\/wp-json\/wp\/v2\/pages\/17902\/revisions"}],"predecessor-version":[{"id":18336,"href":"https:\/\/www.annazalewska.pl\/en\/wp-json\/wp\/v2\/pages\/17902\/revisions\/18336"}],"wp:attachment":[{"href":"https:\/\/www.annazalewska.pl\/en\/wp-json\/wp\/v2\/media?parent=17902"}],"curies":[{"name":"wp","href":"https:\/\/api.w.org\/{rel}","templated":true}]}}